{"id":2300,"date":"2023-09-06T10:30:13","date_gmt":"2023-09-06T08:30:13","guid":{"rendered":"https:\/\/pgnstrainingblog.es\/?page_id=2300"},"modified":"2025-04-18T20:36:33","modified_gmt":"2025-04-18T18:36:33","slug":"about","status":"publish","type":"page","link":"https:\/\/pgnstrainingblog.es\/?page_id=2300","title":{"rendered":"PGNS Track"},"content":{"rendered":"\n<div class=\"wp-block-cover alignfull wp-duotone-unset-1\" style=\"min-height:600px;aspect-ratio:unset;\"><img loading=\"lazy\" decoding=\"async\" width=\"1024\" height=\"552\" class=\"wp-block-cover__image-background wp-image-2823\" alt=\"\" src=\"https:\/\/pgnstrainingblog.es\/wp-content\/uploads\/2025\/04\/Captura-de-pantalla-2025-04-18-a-las-20.26.56-1024x552.png\" data-object-fit=\"cover\" srcset=\"https:\/\/pgnstrainingblog.es\/wp-content\/uploads\/2025\/04\/Captura-de-pantalla-2025-04-18-a-las-20.26.56-1024x552.png 1024w, https:\/\/pgnstrainingblog.es\/wp-content\/uploads\/2025\/04\/Captura-de-pantalla-2025-04-18-a-las-20.26.56-300x162.png 300w, https:\/\/pgnstrainingblog.es\/wp-content\/uploads\/2025\/04\/Captura-de-pantalla-2025-04-18-a-las-20.26.56-768x414.png 768w, https:\/\/pgnstrainingblog.es\/wp-content\/uploads\/2025\/04\/Captura-de-pantalla-2025-04-18-a-las-20.26.56.png 1062w\" sizes=\"auto, (max-width: 1024px) 100vw, 1024px\" \/><span aria-hidden=\"true\" class=\"wp-block-cover__background has-background-dim\"><\/span><div class=\"wp-block-cover__inner-container is-layout-flow wp-block-cover-is-layout-flow\">\n<h2 class=\"wp-block-heading has-text-align-center has-large-font-size\"><mark style=\"background-color:rgba(0, 0, 0, 0)\" class=\"has-inline-color has-ast-global-color-4-color\">PGNS Track<\/mark><\/h2>\n\n\n\n<div class=\"wp-block-uagb-separator uagb-block-d7ecf984\"><div class=\"wp-block-uagb-separator__inner\" style=\"--my-background-image:\"><\/div><\/div>\n\n\n\n<p class=\"has-text-align-center\">Optimizaci\u00f3n del rendimiento en velocidad y vallas<\/p>\n<\/div><\/div>\n\n\n\n<div class=\"wp-block-group has-background is-layout-constrained wp-container-core-group-is-layout-605b5864 wp-block-group-is-layout-constrained\" style=\"background-color:#e1e1e1;min-height:0px;margin-top:0;margin-bottom:0;padding-right:var(--wp--preset--spacing--50);padding-left:var(--wp--preset--spacing--50)\">\n<div class=\"wp-block-uagb-container uagb-block-6db4a595 alignfull uagb-is-root-container\">\n<div class=\"wp-block-columns has-large-font-size is-layout-flex wp-container-core-columns-is-layout-53a28fe1 wp-block-columns-is-layout-flex\" style=\"border-style:none;border-width:0px;margin-top:0;margin-bottom:0;padding-top:0;padding-right:0;padding-bottom:0;padding-left:0\">\n<div class=\"wp-block-column is-vertically-aligned-center has-background has-medium-font-size is-layout-flow wp-container-core-column-is-layout-7f78e50c wp-block-column-is-layout-flow\" style=\"border-style:none;border-width:0px;background-color:#bfbfbf;padding-top:var(--wp--preset--spacing--50);padding-bottom:var(--wp--preset--spacing--50)\">\n<div class=\"wp-block-uagb-advanced-heading uagb-block-32d5e3ce\"><h2 class=\"uagb-heading-text\">Que somos?<\/h2><\/div>\n\n\n\n<p class=\"has-text-align-center has-text-color has-background has-medium-font-size\" style=\"color:#010101;background-color:#00000000\">PGNS es un grupo de entrenamiento de atletismo especializado en pruebas de velocidad y vallas integrado en la Uni\u00f3 Colomenca d&#8217;Atletisme. Nos encontrar\u00e9is en el Camp d&#8217;Atletisme Antonio Amor\u00f3s de Santa Coloma de Gramenet.<\/p>\n<\/div>\n\n\n\n<div class=\"wp-block-column is-vertically-aligned-center has-background has-medium-font-size is-layout-flow wp-container-core-column-is-layout-174dc50d wp-block-column-is-layout-flow\" style=\"border-style:none;border-width:0px;background-color:#bfbfbf;padding-top:var(--wp--preset--spacing--50);padding-bottom:var(--wp--preset--spacing--50)\">\n<div class=\"wp-block-uagb-advanced-heading uagb-block-d81e8415\"><h2 class=\"uagb-heading-text\">Que hacemos?<\/h2><\/div>\n\n\n\n<p class=\"has-text-align-center has-text-color has-background has-medium-font-size\" style=\"color:#010101;background-color:#00000000\">Desde acompa\u00f1ar a chicos y chicas de l&#8217;Escola Colomenca d&#8217;Atletisme en su etapa de especializaci\u00f3n en el sector de velocidad y vallas, a la tecnificaci\u00f3n dentro del sector y a guiar las pautas de entrenamiento de velocistas y vallistas en la provincia de Barcelona.<\/p>\n<\/div>\n<\/div>\n<\/div>\n<\/div>\n\n\n\n<div class=\"wp-block-group has-background is-layout-constrained wp-container-core-group-is-layout-605b5864 wp-block-group-is-layout-constrained\" style=\"background-color:#e1e1e1;min-height:0px;margin-top:0;margin-bottom:0;padding-right:var(--wp--preset--spacing--50);padding-left:var(--wp--preset--spacing--50)\">\n<div class=\"wp-block-uagb-container uagb-block-ecf8d7c5 alignfull uagb-is-root-container\">\n<div class=\"wp-block-columns has-large-font-size is-layout-flex wp-container-core-columns-is-layout-53a28fe1 wp-block-columns-is-layout-flex\" style=\"border-style:none;border-width:0px;margin-top:0;margin-bottom:0;padding-top:0;padding-right:0;padding-bottom:0;padding-left:0\">\n<div class=\"wp-block-column has-background has-medium-font-size is-content-justification-center is-layout-constrained wp-block-column-is-layout-constrained\" style=\"border-style:none;border-width:0px;background-color:#bfbfbf;padding-top:var(--wp--preset--spacing--50);padding-bottom:var(--wp--preset--spacing--50)\">\n<div class=\"wp-block-uagb-advanced-heading uagb-block-493a1845\"><h2 class=\"uagb-heading-text\">Quien somos?<\/h2><\/div>\n\n\n\n<p class=\"has-text-align-center has-text-color has-background has-medium-font-size\" style=\"color:#010101;background-color:#00000000\">El grupo esta formado por chicos y chicas de todas las edades desde categor\u00eda sub18 a categor\u00eda m\u00e1ster con el objetivo com\u00fan de disfrutar del entrenamiento y del atletismo de competici\u00f3n.<\/p>\n\n\n\n<p class=\"has-text-align-center has-text-color has-background has-medium-font-size\" style=\"color:#010101;background-color:#00000000\">Guiando y organizando el entrenamiento de todos ellos, el que escribe, Quim Garcia, (Graduado en CAFE en INEFC Bcn, 2xMSc en Rendimiento y tecnificaci\u00f3n y en Readaptaci\u00f3n deportiva, colegiado num 63239 y entrenador RFEA nivel II)<\/p>\n<\/div>\n\n\n\n<div class=\"wp-block-column has-background has-medium-font-size is-layout-flow wp-block-column-is-layout-flow\" style=\"border-style:none;border-width:0px;background-color:#bfbfbf;padding-top:var(--wp--preset--spacing--50);padding-bottom:var(--wp--preset--spacing--50)\">\n<div class=\"wp-block-uagb-advanced-heading uagb-block-1a3b537d\"><h2 class=\"uagb-heading-text\">Como lo hacemos?<\/h2><\/div>\n\n\n\n<p class=\"has-text-align-center\">La metodolog\u00eda de entrenamiento que usamos esta basada en:<\/p>\n\n\n\n<p class=\"has-text-align-center\">1) la evidencia cient\u00edfica existente respecto al entrenamiento de atletismo, espec\u00edficamente en las disciplinas orientadas a la velocidad y a la resistencia a la misma.<\/p>\n\n\n\n<p class=\"has-text-align-center\">2) la experiencia personal como entrenador desarrollada en los \u00faltimos a\u00f1os y a desarrollar en los siguientes.<\/p>\n\n\n\n<p class=\"has-text-align-center\">Explicar y desarrollar como hacemos las cosas es el motivo y objetivo principal de este blog!<\/p>\n<\/div>\n<\/div>\n<\/div>\n\n\n\n<hr class=\"wp-block-separator has-alpha-channel-opacity is-style-dots\" style=\"margin-top:var(--wp--preset--spacing--50);margin-bottom:var(--wp--preset--spacing--50)\"\/>\n\n\n\n<figure class=\"wp-block-video\"><video autoplay loop muted src=\"https:\/\/pgnstrainingblog.es\/wp-content\/uploads\/2023\/09\/output.mp4\"><\/video><\/figure>\n<\/div>\n\n\n\n<div class=\"wp-block-uagb-container uagb-block-2d98140e alignfull uagb-is-root-container\"><div class=\"uagb-container-inner-blocks-wrap\">\n<ul class=\"wp-block-social-links has-icon-color is-style-logos-only is-content-justification-center is-layout-flex wp-container-core-social-links-is-layout-dd18388b wp-block-social-links-is-layout-flex\" style=\"margin-top:var(--wp--preset--spacing--70);margin-right:var(--wp--preset--spacing--80);margin-bottom:var(--wp--preset--spacing--70);margin-left:var(--wp--preset--spacing--80)\">\n\n\n\n<\/ul>\n<\/div><\/div>\n\n\n\n<figure class=\"wp-block-video\"><\/figure>\n","protected":false},"excerpt":{"rendered":"<p>Que somos? PGNS es un grupo de entrenamiento de atletismo especializado en pruebas de velocidad y vallas integrado en la Uni\u00f3 Colomenca d&#8217;Atletisme. Nos encontrar\u00e9is en el Camp d&#8217;Atletisme Antonio Amor\u00f3s de Santa Coloma de Gramenet. Que hacemos? Desde acompa\u00f1ar a chicos y chicas de l&#8217;Escola Colomenca d&#8217;Atletisme en su etapa de especializaci\u00f3n en el &hellip;<\/p>\n<p class=\"read-more\"> <a class=\"\" href=\"https:\/\/pgnstrainingblog.es\/?page_id=2300\"> <span class=\"screen-reader-text\">PGNS Track<\/span> Read More &raquo;<\/a><\/p>\n","protected":false},"author":1,"featured_media":18,"parent":0,"menu_order":0,"comment_status":"closed","ping_status":"closed","template":"","meta":{"_uag_custom_page_level_css":"","site-sidebar-layout":"default","site-content-layout":"","ast-site-content-layout":"","site-content-style":"default","site-sidebar-style":"default","ast-global-header-display":"","ast-banner-title-visibility":"","ast-main-header-display":"","ast-hfb-above-header-display":"","ast-hfb-below-header-display":"","ast-hfb-mobile-header-display":"","site-post-title":"disabled","ast-breadcrumbs-content":"","ast-featured-img":"","footer-sml-layout":"","theme-transparent-header-meta":"","adv-header-id-meta":"","stick-header-meta":"","header-above-stick-meta":"","header-main-stick-meta":"","header-below-stick-meta":"","astra-migrate-meta-layouts":"","ast-page-background-enabled":"default","ast-page-background-meta":{"desktop":{"background-color":"var(--ast-global-color-4)","background-image":"","background-repeat":"repeat","background-position":"center center","background-size":"auto","background-attachment":"scroll","background-type":"","background-media":"","overlay-type":"","overlay-color":"","overlay-gradient":""},"tablet":{"background-color":"","background-image":"","background-repeat":"repeat","background-position":"center center","background-size":"auto","background-attachment":"scroll","background-type":"","background-media":"","overlay-type":"","overlay-color":"","overlay-gradient":""},"mobile":{"background-color":"","background-image":"","background-repeat":"repeat","background-position":"center center","background-size":"auto","background-attachment":"scroll","background-type":"","background-media":"","overlay-type":"","overlay-color":"","overlay-gradient":""}},"ast-content-background-meta":{"desktop":{"background-color":"var(--ast-global-color-5)","background-image":"","background-repeat":"repeat","background-position":"center center","background-size":"auto","background-attachment":"scroll","background-type":"","background-media":"","overlay-type":"","overlay-color":"","overlay-gradient":""},"tablet":{"background-color":"var(--ast-global-color-5)","background-image":"","background-repeat":"repeat","background-position":"center center","background-size":"auto","background-attachment":"scroll","background-type":"","background-media":"","overlay-type":"","overlay-color":"","overlay-gradient":""},"mobile":{"background-color":"var(--ast-global-color-5)","background-image":"","background-repeat":"repeat","background-position":"center center","background-size":"auto","background-attachment":"scroll","background-type":"","background-media":"","overlay-type":"","overlay-color":"","overlay-gradient":""}},"footnotes":""},"class_list":["post-2300","page","type-page","status-publish","has-post-thumbnail","hentry"],"uagb_featured_image_src":{"full":["https:\/\/pgnstrainingblog.es\/wp-content\/uploads\/2023\/09\/IMG_6419-scaled-e1694000953805.jpeg",1920,752,false],"thumbnail":["https:\/\/pgnstrainingblog.es\/wp-content\/uploads\/2023\/09\/IMG_6419-scaled-e1694000953805-150x150.jpeg",150,150,true],"medium":["https:\/\/pgnstrainingblog.es\/wp-content\/uploads\/2023\/09\/IMG_6419-scaled-e1694000953805-300x118.jpeg",300,118,true],"medium_large":["https:\/\/pgnstrainingblog.es\/wp-content\/uploads\/2023\/09\/IMG_6419-scaled-e1694000953805-768x301.jpeg",768,301,true],"large":["https:\/\/pgnstrainingblog.es\/wp-content\/uploads\/2023\/09\/IMG_6419-scaled-e1694000953805-1024x401.jpeg",1024,401,true],"1536x1536":["https:\/\/pgnstrainingblog.es\/wp-content\/uploads\/2023\/09\/IMG_6419-scaled-e1694000953805-1536x602.jpeg",1536,602,true],"2048x2048":["https:\/\/pgnstrainingblog.es\/wp-content\/uploads\/2023\/09\/IMG_6419-1536x2048.jpeg",1536,2048,true]},"uagb_author_info":{"display_name":"quimgarom","author_link":"https:\/\/pgnstrainingblog.es\/?author=1"},"uagb_comment_info":0,"uagb_excerpt":"Que somos? PGNS es un grupo de entrenamiento de atletismo especializado en pruebas de velocidad y vallas integrado en la Uni\u00f3 Colomenca d&#8217;Atletisme. Nos encontrar\u00e9is en el Camp d&#8217;Atletisme Antonio Amor\u00f3s de Santa Coloma de Gramenet. Que hacemos? Desde acompa\u00f1ar a chicos y chicas de l&#8217;Escola Colomenca d&#8217;Atletisme en su etapa de especializaci\u00f3n en el&hellip;","_links":{"self":[{"href":"https:\/\/pgnstrainingblog.es\/index.php?rest_route=\/wp\/v2\/pages\/2300","targetHints":{"allow":["GET"]}}],"collection":[{"href":"https:\/\/pgnstrainingblog.es\/index.php?rest_route=\/wp\/v2\/pages"}],"about":[{"href":"https:\/\/pgnstrainingblog.es\/index.php?rest_route=\/wp\/v2\/types\/page"}],"author":[{"embeddable":true,"href":"https:\/\/pgnstrainingblog.es\/index.php?rest_route=\/wp\/v2\/users\/1"}],"replies":[{"embeddable":true,"href":"https:\/\/pgnstrainingblog.es\/index.php?rest_route=%2Fwp%2Fv2%2Fcomments&post=2300"}],"version-history":[{"count":61,"href":"https:\/\/pgnstrainingblog.es\/index.php?rest_route=\/wp\/v2\/pages\/2300\/revisions"}],"predecessor-version":[{"id":2839,"href":"https:\/\/pgnstrainingblog.es\/index.php?rest_route=\/wp\/v2\/pages\/2300\/revisions\/2839"}],"wp:featuredmedia":[{"embeddable":true,"href":"https:\/\/pgnstrainingblog.es\/index.php?rest_route=\/wp\/v2\/media\/18"}],"wp:attachment":[{"href":"https:\/\/pgnstrainingblog.es\/index.php?rest_route=%2Fwp%2Fv2%2Fmedia&parent=2300"}],"curies":[{"name":"wp","href":"https:\/\/api.w.org\/{rel}","templated":true}]}}